{"id":1400,"date":"2022-08-30T18:27:41","date_gmt":"2022-08-30T18:27:41","guid":{"rendered":"https:\/\/piekarniakaczmarek.pl\/?page_id=1400"},"modified":"2022-09-06T12:34:55","modified_gmt":"2022-09-06T12:34:55","slug":"regulamin-sklepu-piekarnia-kaczmarek","status":"publish","type":"page","link":"https:\/\/piekarniakaczmarek.pl\/?page_id=1400","title":{"rendered":"REGULAMIN SKLEPU \u2013 PIEKARNIA KACZMAREK"},"content":{"rendered":"\t\t<div data-elementor-type=\"wp-page\" data-elementor-id=\"1400\" class=\"elementor elementor-1400\">\n\t\t\t\t\t\t\t\t\t<section class=\"elementor-section elementor-top-section elementor-element elementor-element-08b0ff2 elementor-section-boxed elementor-section-height-default elementor-section-height-default\" data-id=\"08b0ff2\" data-element_type=\"section\">\n\t\t\t\t\t\t<div class=\"elementor-container elementor-column-gap-default\">\n\t\t\t\t\t<div class=\"elementor-column elementor-col-100 elementor-top-column elementor-element elementor-element-85dd38a\" data-id=\"85dd38a\" data-element_type=\"column\">\n\t\t\t<div class=\"elementor-widget-wrap elementor-element-populated\">\n\t\t\t\t\t\t\t\t<div class=\"elementor-element elementor-element-ffd07ce elementor-widget elementor-widget-text-editor\" data-id=\"ffd07ce\" data-element_type=\"widget\" data-widget_type=\"text-editor.default\">\n\t\t\t\t<div class=\"elementor-widget-container\">\n\t\t\t<style>\/*! elementor - v3.6.7 - 03-07-2022 *\/\n.elementor-widget-text-editor.elementor-drop-cap-view-stacked .elementor-drop-cap{background-color:#818a91;color:#fff}.elementor-widget-text-editor.elementor-drop-cap-view-framed .elementor-drop-cap{color:#818a91;border:3px solid;background-color:transparent}.elementor-widget-text-editor:not(.elementor-drop-cap-view-default) .elementor-drop-cap{margin-top:8px}.elementor-widget-text-editor:not(.elementor-drop-cap-view-default) .elementor-drop-cap-letter{width:1em;height:1em}.elementor-widget-text-editor .elementor-drop-cap{float:left;text-align:center;line-height:1;font-size:50px}.elementor-widget-text-editor .elementor-drop-cap-letter{display:inline-block}<\/style>\t\t\t\t<p>Regulamin stanowi prawn\u0105 podstaw\u0119 okre\u015blaj\u0105c\u0105 zasady korzystania z us\u0142ug firmy PIEKARNIA KACZMAREK ul. Niepodleg\u0142o\u015bci 41, 64-100 Leszno, NIP: 6972377793\u00a0 zwanej w dalszej cz\u0119\u015bci tak\u017ce Sprzedaj\u0105cym pod adresem: <a href=\"http:\/\/www.piekarniakaczmarek.pl\/\">www.piekarniakaczmarek.pl<\/a><\/p><p>Regulamin ma zastosowanie do stosunk\u00f3w pomi\u0119dzy Sprzedaj\u0105cym, a Konsumentami.<\/p><h3 style=\"text-align: center;\"><span style=\"color: #faa600;\"><strong>Zasady og\u00f3lne<\/strong><\/span><\/h3><p>Sk\u0142adaj\u0105c zam\u00f3wienie, klient zwany dalej Konsumentem wyra\u017ca zgod\u0119 na umieszczanie swoich danych osobowych w bazie danych firmy PIEKARNIA BARTOSZ KACZMAREK, oraz na ich przetwarzanie dla cel\u00f3w realizacji zam\u00f3wie\u0144 i cel\u00f3w marketingowych w serwisie <a href=\"http:\/\/www.piekarniakaczmarek.pl\/\">www.piekarniakaczmarek.pl<\/a><\/p><p>Podanie danych osobowych przez Konsumenta oraz zgoda na ich przetwarzanie s\u0105 niezb\u0119dne do zrealizowania zam\u00f3wienia przez Sprzedaj\u0105cego. Zasady przetwarzania danych zosta\u0142y opisane w polityce prywatno\u015bci.<\/p><p>Konsument ponosi odpowiedzialno\u015b\u0107 za podanie nieprawdziwych danych osobowych.<\/p><p>Dane osobowe s\u0105 chronione zgodnie z Ustaw\u0105 z dnia 29.08.1997 r. \u201cO ochronie danych osobowych\u201d (Dz.U. Nr 133 poz. 883) w spos\u00f3b uniemo\u017cliwiaj\u0105cy dost\u0119p do nich os\u00f3b trzecich.<\/p><p>Regulamin uwa\u017cany jest za obowi\u0105zuj\u0105cy do czasu opublikowania na obecnej stronie nowego, bez osobnego powiadamiania u\u017cytkownik\u00f3w.<\/p><p>Z\u0142o\u017cenie zam\u00f3wienia jest jednoznaczne z akceptacj\u0105 postanowie\u0144 niniejszego regulaminu i zobowi\u0105zaniem si\u0119 do przestrzegania wszystkich zawartych w nim zasad.<\/p><h3 style=\"text-align: center;\"><span style=\"color: #faa600;\"><strong>Sk\u0142adanie i realizacja zam\u00f3wie\u0144<\/strong><\/span><\/h3><ul><li>Konsument mo\u017ce sk\u0142ada\u0107 zam\u00f3wienia telefonicznie lub online poprzez serwis internetowy PIEKARNIA KACZMAREK<\/li><li>Sprzedaj\u0105cy przyjmuje zam\u00f3wienia telefoniczne od poniedzia\u0142ku do soboty, za wyj\u0105tkiem wybranych \u015bwi\u0105t i dni ustawowo wolnych. Zam\u00f3wienia on-line od poniedzia\u0142ku do niedzieli.<\/li><li>Zam\u00f3wienia przyjmujemy od godziny 6:00 do 13:00 dnia poprzedzaj\u0105cego odbi\u00f3r.<\/li><li>Odbierane s\u0105 wy\u0142\u0105cznie telefony niezastrze\u017cone.<\/li><li>Umowa zawierana jest w momencie uko\u0144czenia sk\u0142adania Zam\u00f3wienia przez Konsumenta poprzez klikni\u0119cie przycisku \u201eKupuje i P\u0142ac\u0119\u201d. Konsument niezw\u0142ocznie po z\u0142o\u017ceniu zam\u00f3wienia otrzyma potwierdzenie zawarcia umowy na adres mailowy wskazany w formularzu zamawiania.<\/li><li>Umowa mo\u017ce by\u0107 prawid\u0142owo wykonana przez Sprzedaj\u0105cego wy\u0142\u0105cznie pod warunkiem podania przez Konsumenta prawid\u0142owych i pe\u0142nych danych kontaktowych podczas sk\u0142adania Zam\u00f3wienia. Konsument jest zobowi\u0105zany do natychmiastowego zg\u0142oszenia wszelkich nie\u015bcis\u0142o\u015bci w danych, kt\u00f3re zosta\u0142y przekazane Sprzedaj\u0105cemu.<\/li><li>W celu uzyskania informacji o statusie realizacji Umowy Konsument mo\u017ce kontaktowa\u0107 si\u0119 bezpo\u015brednio ze Sprzedaj\u0105cym za pomoc\u0105 danych kontaktowych podanych w Systemie zamawiania oraz potwierdzeniu Zam\u00f3wienia.<\/li><li>Konsument ma mo\u017cliwo\u015b\u0107 wyboru dnia dostawy (odbi\u00f3r w\u0142asny lub dostawa pod wskazany adres)<\/li><li>Po z\u0142o\u017ceniu Zam\u00f3wienia, Konsument zobowi\u0105zuje si\u0119 by\u0107 dost\u0119pny za po\u015brednictwem telefonu dla Sprzedaj\u0105cego, zgodnie z danymi kontaktowymi wskazanymi przy sk\u0142adaniu Zam\u00f3wienia.<\/li><li>Z\u0142o\u017cenie Zam\u00f3wienia z dostaw\u0105, zobowi\u0105zuje Konsumenta do wskazania adresu dostawy i przybli\u017conej godziny mi\u0119dzy 8:00 a 11:00.<\/li><li>Sprzedaj\u0105cy nie umawia si\u0119 na konkretn\u0105 godzin\u0119, zam\u00f3wienia realizujemy w przedziale czasowym mi\u0119dzy 8:00 a 11:00<\/li><li>Z\u0142o\u017cenie Zam\u00f3wienia na wynos zobowi\u0105zuje Konsumenta do osobistego odbioru zam\u00f3wienia o wskazanej godzinie w PIEKARNI Kaczmarek przy ul. Niepodleg\u0142o\u015bci 41 w Lesznie. Godzina oraz adres PIEKARNI znajduj\u0105 si\u0119 w podsumowaniu Zam\u00f3wienia.<\/li><li>Konsument nie mo\u017ce zmienia\u0107 pozycji zam\u00f3wienia wed\u0142ug uznania, np. dodawa\u0107 dodatk\u00f3w po przez informacj\u0119 do obs\u0142ugi w polu formularza zam\u00f3wie\u0144.<\/li><li>Zmiana rodzaju dodatku, b\u0105d\u017a wyb\u00f3r sk\u0142adnik\u00f3w jest mo\u017cliwy tylko i wy\u0142\u0105cznie przy zam\u00f3wieniach telefonicznych lub na miejscu w PIEKARNI)<\/li><li>Autentyczno\u015b\u0107 wybranych zam\u00f3wie\u0144 telefonicznych mo\u017ce by\u0107 dodatkowo weryfikowana telefonem zwrotnym od sprzedaj\u0105cego.<\/li><li>Sprzedaj\u0105cy nie zrealizuje zam\u00f3wienia z p\u0142atno\u015bci\u0105 online, je\u017celi nie dostanie potwierdzenia wykonania transakcji od operatora p\u0142atno\u015bci PayU S.A. z siedzib\u0105 w Poznaniu (60-166), przy ul. Grunwaldzkiej 186<\/li><li>Zam\u00f3wienia z\u0142o\u017cone do godz. 13:00 zostan\u0105 zrealizowane w nast\u0119pnym dniu roboczym w godzinach mi\u0119dzy 08:00 a 11:00, za wyj\u0105tkiem zam\u00f3wie\u0144 z wcze\u015bniej okre\u015blon\u0105 dat\u0105 dostawy przez Konsumenta.<\/li><li>PIEKARNIA KACZMAREK do\u0142o\u017cy wszelkich stara\u0144 by termin realizacji zam\u00f3wienia by\u0142 mo\u017cliwie zbie\u017cny z wyznaczonym terminem przez Klienta.<\/li><li>Termin realizacji zam\u00f3wienia mo\u017ce jednak ulec wyd\u0142u\u017ceniu z przyczyn niezale\u017cnych od pracownik\u00f3w PIEKARNIA KACZMAREK.<\/li><li>Konsument ma prawo zmiany statusu zam\u00f3wienia z dowozu na odbi\u00f3r osobisty w ul. Niepodleg\u0142o\u015bci 41, 64-100 Leszno tel. 888 588 027<\/li><li>Sprzedaj\u0105cy zastrzega sobie prawo do niezrealizowania zam\u00f3wienia budz\u0105cego w\u0105tpliwo\u015b\u0107 naszego pracownika lub w przypadku awarii sprz\u0119tu, brak\u00f3w w oferowanym asortymencie lub przy bardzo du\u017cym nasileniu ruchu.<\/li><li>Numer telefonu Konsumenta, kt\u00f3ry z\u0142o\u017cy fikcyjne zam\u00f3wienie lub nie dokona p\u0142atno\u015bci w wymaganej wysoko\u015bci, nie b\u0119dzie obs\u0142ugiwany w przysz\u0142o\u015bci. Zostaje wpisany na czarn\u0105 list\u0119 numer\u00f3w (nie obs\u0142ugiwanych).<\/li><\/ul><h3 style=\"text-align: center;\"><span style=\"color: #faa600;\"><strong>Ceny, promocje i p\u0142atno\u015bci<\/strong><\/span><\/h3><ul><li>Ceny asortymentu b\u0119d\u0105cego w ofercie sprzedaj\u0105cego podawane s\u0105 w z\u0142otych polskich i zawieraj\u0105 podatek VAT.<\/li><li>Na ko\u0144cow\u0105 (ostateczn\u0105) kwot\u0119 do zap\u0142aty przez Konsumenta sk\u0142ada si\u0119 cena za Produkt oraz koszt dostawy (w tym op\u0142aty za transport, dostarczenie), o kt\u00f3rej Konsument jest informowany w trakcie sk\u0142adania Zam\u00f3wienia.<\/li><li>Koszty dostawy s\u0105 pokrywane przez nabywc\u0119, chyba \u017ce obowi\u0105zuje odpowiednia promocja z nich zwalniaj\u0105.<\/li><li>Konsument zobowi\u0105zany jest do dokonania p\u0142atno\u015bci got\u00f3wkowej lub kart\u0105 kredytow\u0105 bezpo\u015brednio przy odbiorze dowo\u017conego towaru.<\/li><li>Dostawca zam\u00f3wie\u0144, pracownik firmy PIEKARNIA BARTOSZ KACZMAREK ma przy sobie got\u00f3wk\u0119 w wysoko\u015bci r\u00f3wnej r\u00f3\u017cnicy mi\u0119dzy kwot\u0105 do 100,00 z\u0142, a warto\u015bci\u0105 z\u0142o\u017conego zam\u00f3wienia.<\/li><li>Zamiar dokonania p\u0142atno\u015bci banknotami o nomina\u0142ach wy\u017cszych ni\u017c 50,00 z\u0142 prosimy zg\u0142asza\u0107 sprzedaj\u0105cemu w trakcie sk\u0142adania zam\u00f3wienia.<\/li><li>Darmowa dostawa przy zam\u00f3wieniach na terenie Leszna i \u015amigla powy\u017cej 40 z\u0142 brutto. Poni\u017cej 40 z\u0142 &#8211; dostawa p\u0142atna 10 z\u0142.<\/li><li>Nie dowozimy do innych miejscowo\u015bci poza Lesznem i \u015amiglem<\/li><li>P\u0142atno\u015bci online prowadzone s\u0105 przez serwis PayU <a href=\"https:\/\/poland.payu.com\/\">https:\/\/poland.payu.com\/<\/a>, <a href=\"http:\/\/www.przelwy24.pl\/\">przelwy24.pl<\/a><\/li><li>Wykonanie p\u0142atno\u015bci przez PayU jest jednoznaczne z zaakceptowaniem regulaminu PayU S.A. z siedzib\u0105 w Poznaniu (60-166), przy ul. Grunwaldzkiej 186<\/li><li>Wykonanie p\u0142atno\u015bci przez <a href=\"http:\/\/www.przelwy24.pl\/\">przelwy24.pl<\/a> jest jednoznaczne z zaakceptowaniem regulaminu Przelewy24.pl z siedzib\u0105 w Poznaniu, ul. Kanclerska 15, 60-327 Pozna\u0144<\/li><\/ul><h3 style=\"text-align: center;\"><span style=\"color: #faa600;\"><strong>P\u0142atno\u015b\u0107<\/strong><\/span><\/h3><p>\u2022\u00a0 W momencie zawarcia Umowy po stronie Konsumenta powstaje obowi\u0105zek p\u0142atno\u015bci na rzecz Sprzedaj\u0105cego w kwocie wynikaj\u0105cej z Zam\u00f3wienia. Podana w Zam\u00f3wieniu kwota stanowi ca\u0142kowit\u0105 cen\u0119, jak\u0105 Konsument zobowi\u0105zany jest zap\u0142aci\u0107 wraz z nale\u017cnym podatkiem oraz kosztem dostawy.<\/p><p>\u2022 Konsument mo\u017ce dokona\u0107 p\u0142atno\u015bci za po\u015brednictwem dost\u0119pnych na stronie zamawiania opcji p\u0142atno\u015bci.<\/p><p>\u2022 Dost\u0119pne opcje p\u0142atno\u015bci wynikaj\u0105 z indywidualnych ustale\u0144 Sprzedaj\u0105cego. Konsument jest informowany o dost\u0119pnych sposobach zap\u0142aty na stronie podczas sk\u0142adania Zam\u00f3wienia i musi dokona\u0107 wyboru jednego z nich przed z\u0142o\u017ceniem Zam\u00f3wienia.<\/p><ul><li>W przypadku p\u0142atno\u015bci online zwrot p\u0142atno\u015bci jest dokonywany w terminie do 7 dni roboczych od momentu uzyskania informacji o odst\u0105pieniu od zawartej Umowy.<\/li><li>W przypadku p\u0142atno\u015bci realizowanych przez Przelewy24.pl operatorem kart p\u0142atniczych jest PayPro SA Agent Rozliczeniowy, ul. Kanclerska 15, 60-327 Pozna\u0144, wpisany do Rejestru Przedsi\u0119biorc\u00f3w Krajowego Rejestru S\u0105dowego prowadzonego przez S\u0105d Rejonowy Pozna\u0144 Nowe Miasto i Wilda w Poznaniu, VIII Wydzia\u0142 Gospodarczy Krajowego Rejestru S\u0105dowego pod numerem KRS 0000347935, NIP 7792369887, Regon 301345068.<\/li><li>W przypadku p\u0142atno\u015bci realizowanych przez PayU.pl podmiotem \u015bwiadcz\u0105cym Us\u0142ug\u0119 na rzecz jest PayU S.A. z siedzib\u0105 w Poznaniu, 60-166 Pozna\u0144, przy ul. Grunwaldzkiej 182, wpisana do rejestru przedsi\u0119biorc\u00f3w prowadzonego przez S\u0105d Rejonowy Pozna\u0144 \u2013 Nowe Miasto i Wilda w Poznaniu, Wydzia\u0142 VIII Gospodarczy Krajowego Rejestru S\u0105dowego pod numerem KRS 0000274399, NIP 7792308495.<\/li><\/ul><h3 style=\"text-align: center;\"><span style=\"color: #faa600;\"><strong>Reklamacje<\/strong><\/span><\/h3><ul><li>Reklamacje zam\u00f3wie\u0144 z odbioru osobistego s\u0105 przyjmowane w lokalizacji odbioru.<\/li><li>Ewentualne reklamacje nale\u017cy zg\u0142asza\u0107 tylko i wy\u0142\u0105cznie w dniu zam\u00f3wienia.<\/li><li>Termin rozpatrzenia reklamacji wynosi 14 dni od dnia przyj\u0119cia reklamacji.<\/li><li>Niepoprawnie skompletowane lub wybrakowane zam\u00f3wienia nale\u017cy zg\u0142osi\u0107 obs\u0142udze jak najszybciej telefonicznie pod numerem: 888 588 027<\/li><\/ul><h3 style=\"text-align: center;\"><span style=\"color: #faa600;\"><strong>Odst\u0105pienie od Umowy<\/strong><\/span><\/h3><p>\u2022\u00a0 Z uwagi na \u0142atwo psuj\u0105cy si\u0119 charakter oferowanych przez Sprzedaj\u0105cego produkt\u00f3w, Konsument nie jest uprawniony do odst\u0105pienia od Umowy po rozpocz\u0119ciu jej faktycznej realizacji (art. 38 pkt 4 ustawy z dnia 30 maja 2014 r o prawach konsumenta (Dz.U. 2014 poz. 827). Niezale\u017cnie czy Zam\u00f3wienie zosta\u0142o ju\u017c op\u0142acone czy te\u017c nie.<\/p><p>\u2022 Sprzedaj\u0105cy jest uprawniony do odst\u0105pienia od Umowy, w przypadku:<\/p><ul><li>zaistnienia si\u0142y wy\u017cszej uniemo\u017cliwiaj\u0105cej realizacj\u0119 Umowy,<\/li><li>przekazania przez Konsumenta nieprawid\u0142owego lub nieosi\u0105galnego numer telefonu lub adresu dostawy,<\/li><li>dezaktualizacji zamieszczonej na stronie Oferty w sytuacji, gdy Konsument nie zgodzi\u0142 si\u0119 na alternatyw\u0119 dotycz\u0105ca Zam\u00f3wienia z\u0142o\u017con\u0105 przez Sprzedaj\u0105cego. W przypadku odst\u0105pienia od Umowy przez kt\u00f3r\u0105kolwiek ze stron traktuje si\u0119 ja jako niezawart\u0105.<\/li><li>W przypadku z\u0142o\u017cenia przez Konsumenta fa\u0142szywego Zam\u00f3wienia lub niewykonania przez niego Umowy, w szczeg\u00f3lno\u015bci przez jej nieop\u0142acenie lub nieobecno\u015b\u0107 w miejscu dostawy lub w PIEKARNI w celu odebrania zam\u00f3wienia, Sprzedaj\u0105cy jest uprawniony do odmowy przyj\u0119cia jakichkolwiek przysz\u0142ych Zam\u00f3wie\u0144 od takiego Konsumenta.<\/li><li>Sprzedaj\u0105cy jest uprawniony do odrzucania Zam\u00f3wie\u0144 sk\u0142adanych przez Konsument\u00f3w, je\u017celi zachodzi w\u0105tpliwo\u015b\u0107 co do ich poprawno\u015bci lub autentyczno\u015bci.<\/li><li>W przypadku uzasadnionego podejrzenia pope\u0142nienia przest\u0119pstwa, Sprzedaj\u0105cy powiadomi o tym fakcie odpowiednie organy \u015bcigania.<\/li><\/ul><h3 style=\"text-align: center;\"><span style=\"color: #faa600;\"><strong>Inne<\/strong><\/span><\/h3><ul><li>Do wykonywania Us\u0142ug \u015bwiadczonych przez Sprzedaj\u0105cego na rzecz Konsument\u00f3w, stosuje si\u0119 powszechnie obowi\u0105zuj\u0105ce przepisy prawa polskiego<\/li><li>Wszelkie spory pomi\u0119dzy Sprzedaj\u0105cym a Konsumentem odnosz\u0105ce si\u0119 do realizacji Us\u0142ug przez sprzedaj\u0105cego b\u0119d\u0105 rozstrzygane przez S\u0105d Polubowny (arbitra\u017cowy) miejscowo w\u0142a\u015bciwy dla siedziby firmy Sprzedaj\u0105cego.<\/li><\/ul>\t\t\t\t\t\t<\/div>\n\t\t\t\t<\/div>\n\t\t\t\t\t<\/div>\n\t\t<\/div>\n\t\t\t\t\t\t\t<\/div>\n\t\t<\/section>\n\t\t\t\t\t\t\t<\/div>\n\t\t","protected":false},"excerpt":{"rendered":"<p>Regulamin stanowi prawn\u0105 podstaw\u0119 okre\u015blaj\u0105c\u0105 zasady korzystania z us\u0142ug firmy PIEKARNIA KACZMAREK ul. Niepodleg\u0142o\u015bci 41, 64-100 Leszno, NIP: 6972377793\u00a0 zwanej w dalszej cz\u0119\u015bci tak\u017ce Sprzedaj\u0105cym pod adresem: www.piekarniakaczmarek.pl Regulamin ma zastosowanie do stosunk\u00f3w pomi\u0119dzy Sprzedaj\u0105cym, a Konsumentami. Zasady og\u00f3lne Sk\u0142adaj\u0105c zam\u00f3wienie, klient zwany dalej Konsumentem wyra\u017ca zgod\u0119 na umieszczanie swoich danych osobowych w bazie danych &hellip;<\/p>\n<p class=\"read-more\"> <a class=\"\" href=\"https:\/\/piekarniakaczmarek.pl\/?page_id=1400\"> <span class=\"screen-reader-text\">REGULAMIN SKLEPU \u2013 PIEKARNIA KACZMAREK<\/span> Read More &raquo;<\/a><\/p>\n","protected":false},"author":1,"featured_media":0,"parent":0,"menu_order":0,"comment_status":"closed","ping_status":"closed","template":"","meta":{"site-sidebar-layout":"no-sidebar","site-content-layout":"page-builder","ast-global-header-display":"","ast-main-header-display":"","ast-hfb-above-header-display":"","ast-hfb-below-header-display":"","ast-hfb-mobile-header-display":"","site-post-title":"disabled","ast-breadcrumbs-content":"","ast-featured-img":"disabled","footer-sml-layout":"","theme-transparent-header-meta":"","adv-header-id-meta":"","stick-header-meta":"","header-above-stick-meta":"","header-main-stick-meta":"","header-below-stick-meta":""},"_links":{"self":[{"href":"https:\/\/piekarniakaczmarek.pl\/index.php?rest_route=\/wp\/v2\/pages\/1400"}],"collection":[{"href":"https:\/\/piekarniakaczmarek.pl\/index.php?rest_route=\/wp\/v2\/pages"}],"about":[{"href":"https:\/\/piekarniakaczmarek.pl\/index.php?rest_route=\/wp\/v2\/types\/page"}],"author":[{"embeddable":true,"href":"https:\/\/piekarniakaczmarek.pl\/index.php?rest_route=\/wp\/v2\/users\/1"}],"replies":[{"embeddable":true,"href":"https:\/\/piekarniakaczmarek.pl\/index.php?rest_route=%2Fwp%2Fv2%2Fcomments&post=1400"}],"version-history":[{"count":43,"href":"https:\/\/piekarniakaczmarek.pl\/index.php?rest_route=\/wp\/v2\/pages\/1400\/revisions"}],"predecessor-version":[{"id":1462,"href":"https:\/\/piekarniakaczmarek.pl\/index.php?rest_route=\/wp\/v2\/pages\/1400\/revisions\/1462"}],"wp:attachment":[{"href":"https:\/\/piekarniakaczmarek.pl\/index.php?rest_route=%2Fwp%2Fv2%2Fmedia&parent=1400"}],"curies":[{"name":"wp","href":"https:\/\/api.w.org\/{rel}","templated":true}]}}