{"id":161,"date":"2022-07-15T08:39:27","date_gmt":"2022-07-15T08:39:27","guid":{"rendered":"https:\/\/piekarniakaczmarek.pl\/?post_type=product&#038;p=161"},"modified":"2025-09-08T15:07:11","modified_gmt":"2025-09-08T15:07:11","slug":"kanapka-tradycyjna","status":"publish","type":"product","link":"https:\/\/piekarniakaczmarek.pl\/?product=kanapka-tradycyjna","title":{"rendered":"Kanapka tradycyjna"},"content":{"rendered":"","protected":false},"excerpt":{"rendered":"<p>Sk\u0142adniki kanapki:<\/p>\n<p>majonez, sa\u0142ata, kie\u0142ki, og\u00f3rek, pomidor, ser, szynka.<\/p>\n","protected":false},"featured_media":162,"template":"","meta":{"site-sidebar-layout":"default","site-content-layout":"default","ast-global-header-display":"","ast-main-header-display":"","ast-hfb-above-header-display":"","ast-hfb-below-header-display":"","ast-hfb-mobile-header-display":"","site-post-title":"","ast-breadcrumbs-content":"","ast-featured-img":"","footer-sml-layout":"","theme-transparent-header-meta":"default","adv-header-id-meta":"","stick-header-meta":"default","header-above-stick-meta":"","header-main-stick-meta":"","header-below-stick-meta":""},"product_cat":[23],"product_tag":[],"_links":{"self":[{"href":"https:\/\/piekarniakaczmarek.pl\/index.php?rest_route=\/wp\/v2\/product\/161"}],"collection":[{"href":"https:\/\/piekarniakaczmarek.pl\/index.php?rest_route=\/wp\/v2\/product"}],"about":[{"href":"https:\/\/piekarniakaczmarek.pl\/index.php?rest_route=\/wp\/v2\/types\/product"}],"wp:featuredmedia":[{"embeddable":true,"href":"https:\/\/piekarniakaczmarek.pl\/index.php?rest_route=\/wp\/v2\/media\/162"}],"wp:attachment":[{"href":"https:\/\/piekarniakaczmarek.pl\/index.php?rest_route=%2Fwp%2Fv2%2Fmedia&parent=161"}],"wp:term":[{"taxonomy":"product_cat","embeddable":true,"href":"https:\/\/piekarniakaczmarek.pl\/index.php?rest_route=%2Fwp%2Fv2%2Fproduct_cat&post=161"},{"taxonomy":"product_tag","embeddable":true,"href":"https:\/\/piekarniakaczmarek.pl\/index.php?rest_route=%2Fwp%2Fv2%2Fproduct_tag&post=161"}],"curies":[{"name":"wp","href":"https:\/\/api.w.org\/{rel}","templated":true}]}}