{"id":219,"date":"2022-07-18T06:06:23","date_gmt":"2022-07-18T06:06:23","guid":{"rendered":"https:\/\/piekarniakaczmarek.pl\/?post_type=product&#038;p=219"},"modified":"2023-01-16T16:38:02","modified_gmt":"2023-01-16T16:38:02","slug":"jogurt-naturalny-z-konfitura-wisniowa-czekolada-borowkami-i-bananem","status":"publish","type":"product","link":"https:\/\/piekarniakaczmarek.pl\/?product=jogurt-naturalny-z-konfitura-wisniowa-czekolada-borowkami-i-bananem","title":{"rendered":"Jogurt naturalny z konfitur\u0105 wi\u015bniow\u0105, granol\u0105, czekolad\u0105, bor\u00f3wkami i bananem"},"content":{"rendered":"","protected":false},"excerpt":{"rendered":"","protected":false},"featured_media":220,"template":"","meta":{"site-sidebar-layout":"default","site-content-layout":"default","ast-global-header-display":"","ast-main-header-display":"","ast-hfb-above-header-display":"","ast-hfb-below-header-display":"","ast-hfb-mobile-header-display":"","site-post-title":"","ast-breadcrumbs-content":"","ast-featured-img":"","footer-sml-layout":"","theme-transparent-header-meta":"default","adv-header-id-meta":"","stick-header-meta":"default","header-above-stick-meta":"","header-main-stick-meta":"","header-below-stick-meta":""},"product_cat":[28],"product_tag":[],"_links":{"self":[{"href":"https:\/\/piekarniakaczmarek.pl\/index.php?rest_route=\/wp\/v2\/product\/219"}],"collection":[{"href":"https:\/\/piekarniakaczmarek.pl\/index.php?rest_route=\/wp\/v2\/product"}],"about":[{"href":"https:\/\/piekarniakaczmarek.pl\/index.php?rest_route=\/wp\/v2\/types\/product"}],"wp:featuredmedia":[{"embeddable":true,"href":"https:\/\/piekarniakaczmarek.pl\/index.php?rest_route=\/wp\/v2\/media\/220"}],"wp:attachment":[{"href":"https:\/\/piekarniakaczmarek.pl\/index.php?rest_route=%2Fwp%2Fv2%2Fmedia&parent=219"}],"wp:term":[{"taxonomy":"product_cat","embeddable":true,"href":"https:\/\/piekarniakaczmarek.pl\/index.php?rest_route=%2Fwp%2Fv2%2Fproduct_cat&post=219"},{"taxonomy":"product_tag","embeddable":true,"href":"https:\/\/piekarniakaczmarek.pl\/index.php?rest_route=%2Fwp%2Fv2%2Fproduct_tag&post=219"}],"curies":[{"name":"wp","href":"https:\/\/api.w.org\/{rel}","templated":true}]}}