{"id":343,"date":"2022-07-19T13:13:28","date_gmt":"2022-07-19T13:13:28","guid":{"rendered":"https:\/\/piekarniakaczmarek.pl\/?post_type=product&#038;p=343"},"modified":"2023-01-16T16:50:35","modified_gmt":"2023-01-16T16:50:35","slug":"pomidorki-z-mozarella-i-sosem-bazyliowym","status":"publish","type":"product","link":"https:\/\/piekarniakaczmarek.pl\/?product=pomidorki-z-mozarella-i-sosem-bazyliowym","title":{"rendered":"Pomidorki z mozarell\u0105 i sosem bazyliowym"},"content":{"rendered":"","protected":false},"excerpt":{"rendered":"<p>Sk\u0142adniki przek\u0105ski:<\/p>\n<p>pomidor koktajlowy, mozarella w kulkach, sos bazyliowy.<\/p>\n","protected":false},"featured_media":344,"template":"","meta":{"site-sidebar-layout":"default","site-content-layout":"default","ast-global-header-display":"","ast-main-header-display":"","ast-hfb-above-header-display":"","ast-hfb-below-header-display":"","ast-hfb-mobile-header-display":"","site-post-title":"","ast-breadcrumbs-content":"","ast-featured-img":"","footer-sml-layout":"","theme-transparent-header-meta":"default","adv-header-id-meta":"","stick-header-meta":"default","header-above-stick-meta":"","header-main-stick-meta":"","header-below-stick-meta":""},"product_cat":[24],"product_tag":[],"_links":{"self":[{"href":"https:\/\/piekarniakaczmarek.pl\/index.php?rest_route=\/wp\/v2\/product\/343"}],"collection":[{"href":"https:\/\/piekarniakaczmarek.pl\/index.php?rest_route=\/wp\/v2\/product"}],"about":[{"href":"https:\/\/piekarniakaczmarek.pl\/index.php?rest_route=\/wp\/v2\/types\/product"}],"wp:featuredmedia":[{"embeddable":true,"href":"https:\/\/piekarniakaczmarek.pl\/index.php?rest_route=\/wp\/v2\/media\/344"}],"wp:attachment":[{"href":"https:\/\/piekarniakaczmarek.pl\/index.php?rest_route=%2Fwp%2Fv2%2Fmedia&parent=343"}],"wp:term":[{"taxonomy":"product_cat","embeddable":true,"href":"https:\/\/piekarniakaczmarek.pl\/index.php?rest_route=%2Fwp%2Fv2%2Fproduct_cat&post=343"},{"taxonomy":"product_tag","embeddable":true,"href":"https:\/\/piekarniakaczmarek.pl\/index.php?rest_route=%2Fwp%2Fv2%2Fproduct_tag&post=343"}],"curies":[{"name":"wp","href":"https:\/\/api.w.org\/{rel}","templated":true}]}}