{"id":345,"date":"2022-07-19T13:15:53","date_gmt":"2022-07-19T13:15:53","guid":{"rendered":"https:\/\/piekarniakaczmarek.pl\/?post_type=product&#038;p=345"},"modified":"2024-01-02T08:57:45","modified_gmt":"2024-01-02T08:57:45","slug":"salatka-z-kurczakiem","status":"publish","type":"product","link":"https:\/\/piekarniakaczmarek.pl\/?product=salatka-z-kurczakiem","title":{"rendered":"Sa\u0142atka z kurczakiem"},"content":{"rendered":"","protected":false},"excerpt":{"rendered":"<p>Sk\u0142adniki sa\u0142atki:<\/p>\n<p>mix sa\u0142at, pomidorki koktajlowe, og\u00f3rek zielony, ser feta, pieczony kurczak, kie\u0142ki, sezam.<\/p>\n<p>W pude\u0142eczku dodatkowo &#8211; sos sezamowy.<\/p>\n","protected":false},"featured_media":346,"template":"","meta":{"site-sidebar-layout":"default","site-content-layout":"default","ast-global-header-display":"","ast-main-header-display":"","ast-hfb-above-header-display":"","ast-hfb-below-header-display":"","ast-hfb-mobile-header-display":"","site-post-title":"","ast-breadcrumbs-content":"","ast-featured-img":"","footer-sml-layout":"","theme-transparent-header-meta":"default","adv-header-id-meta":"","stick-header-meta":"default","header-above-stick-meta":"","header-main-stick-meta":"","header-below-stick-meta":""},"product_cat":[24],"product_tag":[],"_links":{"self":[{"href":"https:\/\/piekarniakaczmarek.pl\/index.php?rest_route=\/wp\/v2\/product\/345"}],"collection":[{"href":"https:\/\/piekarniakaczmarek.pl\/index.php?rest_route=\/wp\/v2\/product"}],"about":[{"href":"https:\/\/piekarniakaczmarek.pl\/index.php?rest_route=\/wp\/v2\/types\/product"}],"wp:featuredmedia":[{"embeddable":true,"href":"https:\/\/piekarniakaczmarek.pl\/index.php?rest_route=\/wp\/v2\/media\/346"}],"wp:attachment":[{"href":"https:\/\/piekarniakaczmarek.pl\/index.php?rest_route=%2Fwp%2Fv2%2Fmedia&parent=345"}],"wp:term":[{"taxonomy":"product_cat","embeddable":true,"href":"https:\/\/piekarniakaczmarek.pl\/index.php?rest_route=%2Fwp%2Fv2%2Fproduct_cat&post=345"},{"taxonomy":"product_tag","embeddable":true,"href":"https:\/\/piekarniakaczmarek.pl\/index.php?rest_route=%2Fwp%2Fv2%2Fproduct_tag&post=345"}],"curies":[{"name":"wp","href":"https:\/\/api.w.org\/{rel}","templated":true}]}}