{"id":347,"date":"2022-07-19T13:17:56","date_gmt":"2022-07-19T13:17:56","guid":{"rendered":"https:\/\/piekarniakaczmarek.pl\/?post_type=product&#038;p=347"},"modified":"2024-01-02T08:57:34","modified_gmt":"2024-01-02T08:57:34","slug":"salatka-wloska","status":"publish","type":"product","link":"https:\/\/piekarniakaczmarek.pl\/?product=salatka-wloska","title":{"rendered":"Sa\u0142atka w\u0142oska"},"content":{"rendered":"","protected":false},"excerpt":{"rendered":"<p>Sk\u0142adniki sa\u0142atki:<\/p>\n<p>mix sa\u0142at, szynka d\u0142ugo dojrzewaj\u0105ca, ser ple\u015bniowy Blue, gruszka, pomidor suszony, orzechy w\u0142oskie, kie\u0142ki. Polana sosem balsamicznym.<\/p>\n<p>W pude\u0142eczku dodatkowo &#8211; sos w\u0142oski &#8211; zio\u0142owa oliwa.<\/p>\n","protected":false},"featured_media":348,"template":"","meta":{"site-sidebar-layout":"default","site-content-layout":"default","ast-global-header-display":"","ast-main-header-display":"","ast-hfb-above-header-display":"","ast-hfb-below-header-display":"","ast-hfb-mobile-header-display":"","site-post-title":"","ast-breadcrumbs-content":"","ast-featured-img":"","footer-sml-layout":"","theme-transparent-header-meta":"default","adv-header-id-meta":"","stick-header-meta":"default","header-above-stick-meta":"","header-main-stick-meta":"","header-below-stick-meta":""},"product_cat":[24],"product_tag":[],"_links":{"self":[{"href":"https:\/\/piekarniakaczmarek.pl\/index.php?rest_route=\/wp\/v2\/product\/347"}],"collection":[{"href":"https:\/\/piekarniakaczmarek.pl\/index.php?rest_route=\/wp\/v2\/product"}],"about":[{"href":"https:\/\/piekarniakaczmarek.pl\/index.php?rest_route=\/wp\/v2\/types\/product"}],"wp:featuredmedia":[{"embeddable":true,"href":"https:\/\/piekarniakaczmarek.pl\/index.php?rest_route=\/wp\/v2\/media\/348"}],"wp:attachment":[{"href":"https:\/\/piekarniakaczmarek.pl\/index.php?rest_route=%2Fwp%2Fv2%2Fmedia&parent=347"}],"wp:term":[{"taxonomy":"product_cat","embeddable":true,"href":"https:\/\/piekarniakaczmarek.pl\/index.php?rest_route=%2Fwp%2Fv2%2Fproduct_cat&post=347"},{"taxonomy":"product_tag","embeddable":true,"href":"https:\/\/piekarniakaczmarek.pl\/index.php?rest_route=%2Fwp%2Fv2%2Fproduct_tag&post=347"}],"curies":[{"name":"wp","href":"https:\/\/api.w.org\/{rel}","templated":true}]}}