{"id":377,"date":"2022-07-22T09:37:54","date_gmt":"2022-07-22T09:37:54","guid":{"rendered":"https:\/\/piekarniakaczmarek.pl\/?post_type=product&#038;p=377"},"modified":"2024-01-02T08:55:47","modified_gmt":"2024-01-02T08:55:47","slug":"tortilla-box","status":"publish","type":"product","link":"https:\/\/piekarniakaczmarek.pl\/?product=tortilla-box","title":{"rendered":"Tortilla &#8211; box"},"content":{"rendered":"","protected":false},"excerpt":{"rendered":"<p>W sk\u0142ad boxu wchodzi 16 kawa\u0142k\u00f3w tortilli.<\/p>\n<p>4 kawa\u0142ki (sos s\u0142odkie chili, kurczak, papryka czerwona, papryka \u017c\u00f3\u0142ta, sa\u0142ata).<\/p>\n<p>4 kawa\u0142ki (majonez, roszponka, ser \u017c\u00f3\u0142ty, szynka, kie\u0142ki, og\u00f3rek zielony).<\/p>\n<p>4 kawa\u0142ki (serek \u015bmietankowy, rukola, burak, pestki dyni, pestki s\u0142onecznika, ser feta, kie\u0142ki).<\/p>\n<p>4 kawa\u0142ki (hummus, sa\u0142ata lodowa, og\u00f3rek, papryka czerwona, papryka \u017c\u00f3\u0142ta, pestki dyni, pestki s\u0142onecznika).<\/p>\n<p>&nbsp;<\/p>\n","protected":false},"featured_media":947,"template":"","meta":{"site-sidebar-layout":"default","site-content-layout":"default","ast-global-header-display":"","ast-main-header-display":"","ast-hfb-above-header-display":"","ast-hfb-below-header-display":"","ast-hfb-mobile-header-display":"","site-post-title":"","ast-breadcrumbs-content":"","ast-featured-img":"","footer-sml-layout":"","theme-transparent-header-meta":"default","adv-header-id-meta":"","stick-header-meta":"default","header-above-stick-meta":"","header-main-stick-meta":"","header-below-stick-meta":""},"product_cat":[30],"product_tag":[],"_links":{"self":[{"href":"https:\/\/piekarniakaczmarek.pl\/index.php?rest_route=\/wp\/v2\/product\/377"}],"collection":[{"href":"https:\/\/piekarniakaczmarek.pl\/index.php?rest_route=\/wp\/v2\/product"}],"about":[{"href":"https:\/\/piekarniakaczmarek.pl\/index.php?rest_route=\/wp\/v2\/types\/product"}],"wp:featuredmedia":[{"embeddable":true,"href":"https:\/\/piekarniakaczmarek.pl\/index.php?rest_route=\/wp\/v2\/media\/947"}],"wp:attachment":[{"href":"https:\/\/piekarniakaczmarek.pl\/index.php?rest_route=%2Fwp%2Fv2%2Fmedia&parent=377"}],"wp:term":[{"taxonomy":"product_cat","embeddable":true,"href":"https:\/\/piekarniakaczmarek.pl\/index.php?rest_route=%2Fwp%2Fv2%2Fproduct_cat&post=377"},{"taxonomy":"product_tag","embeddable":true,"href":"https:\/\/piekarniakaczmarek.pl\/index.php?rest_route=%2Fwp%2Fv2%2Fproduct_tag&post=377"}],"curies":[{"name":"wp","href":"https:\/\/api.w.org\/{rel}","templated":true}]}}