{"id":419,"date":"2022-07-28T05:24:14","date_gmt":"2022-07-28T05:24:14","guid":{"rendered":"https:\/\/piekarniakaczmarek.pl\/?post_type=product&#038;p=419"},"modified":"2026-03-05T19:12:40","modified_gmt":"2026-03-05T19:12:40","slug":"box-sniadaniowy-z-sokiem-salatka-i-musli","status":"publish","type":"product","link":"https:\/\/piekarniakaczmarek.pl\/?product=box-sniadaniowy-z-sokiem-salatka-i-musli","title":{"rendered":"Box \u015bniadaniowy z sa\u0142atk\u0105 z kurczakiem, wyciskanym sokiem pomara\u0144czowym i jogurtem z granol\u0105 i owocami"},"content":{"rendered":"","protected":false},"excerpt":{"rendered":"<p>Sk\u0142ad boxu \u015bniadaniowego:<\/p>\n<ul>\n<li>sa\u0142atka kurczak (mix sa\u0142at, pomidorki koktajlowe, og\u00f3rek zielony, ser feta, pieczony kurczak, kie\u0142ki, sezam, sos sezamowy &#8211; w pude\u0142eczku)<\/li>\n<li>wyciskany sok pomara\u0144czowy<\/li>\n<li>jogurt z granol\u0105 i owocami<\/li>\n<\/ul>\n","protected":false},"featured_media":1174,"template":"","meta":{"site-sidebar-layout":"default","site-content-layout":"default","ast-global-header-display":"","ast-main-header-display":"","ast-hfb-above-header-display":"","ast-hfb-below-header-display":"","ast-hfb-mobile-header-display":"","site-post-title":"","ast-breadcrumbs-content":"","ast-featured-img":"","footer-sml-layout":"","theme-transparent-header-meta":"default","adv-header-id-meta":"","stick-header-meta":"default","header-above-stick-meta":"","header-main-stick-meta":"","header-below-stick-meta":""},"product_cat":[27],"product_tag":[],"_links":{"self":[{"href":"https:\/\/piekarniakaczmarek.pl\/index.php?rest_route=\/wp\/v2\/product\/419"}],"collection":[{"href":"https:\/\/piekarniakaczmarek.pl\/index.php?rest_route=\/wp\/v2\/product"}],"about":[{"href":"https:\/\/piekarniakaczmarek.pl\/index.php?rest_route=\/wp\/v2\/types\/product"}],"wp:featuredmedia":[{"embeddable":true,"href":"https:\/\/piekarniakaczmarek.pl\/index.php?rest_route=\/wp\/v2\/media\/1174"}],"wp:attachment":[{"href":"https:\/\/piekarniakaczmarek.pl\/index.php?rest_route=%2Fwp%2Fv2%2Fmedia&parent=419"}],"wp:term":[{"taxonomy":"product_cat","embeddable":true,"href":"https:\/\/piekarniakaczmarek.pl\/index.php?rest_route=%2Fwp%2Fv2%2Fproduct_cat&post=419"},{"taxonomy":"product_tag","embeddable":true,"href":"https:\/\/piekarniakaczmarek.pl\/index.php?rest_route=%2Fwp%2Fv2%2Fproduct_tag&post=419"}],"curies":[{"name":"wp","href":"https:\/\/api.w.org\/{rel}","templated":true}]}}